{"id":2,"date":"2020-10-19T15:19:16","date_gmt":"2020-10-19T13:19:16","guid":{"rendered":"http:\/\/patch-world.fr\/?page_id=2"},"modified":"2020-10-19T15:49:58","modified_gmt":"2020-10-19T13:49:58","slug":"page-d-exemple","status":"publish","type":"page","link":"https:\/\/patch-world.fr\/index.php\/page-d-exemple\/","title":{"rendered":"Introduction"},"content":{"rendered":"\n<p>les artistes \/ ma nourriture<\/p>\n\n\n\n<p>Se nourrir du vivant. L\u2019artiste t\u00e9moin de son \u00e9poque, r\u00e9invente le pass\u00e9, cr\u00e9e le vivant, projette le futur.<\/p>\n\n\n\n<p>Ils m\u2019ont tous inspir\u00e9, accompagn\u00e9, soulag\u00e9, interrog\u00e9. En cr\u00e9ant ce glossaire, les artistes, leur m\u00e9tier, ouvre mes yeux face \u00e0 mes propres \u00e9motions et d\u00e9fis. Pourquoi cela m\u2019\u00e9meut, me r\u00e9pulse, me fascine. En partageant tout cela, j\u2019inscris dans ma m\u00e9moire les lignes qui nourrissent ma culture, je partage et d\u00e9bute un \u00e9change avec eux sous forme d\u2019\u00e9tude de leurs vies et parcours.<\/p>\n\n\n\n<p><\/p>\n\n\n\n<blockquote class=\"wp-block-quote\"><p><\/p><\/blockquote>\n\n\n\n<p><\/p>\n","protected":false},"excerpt":{"rendered":"<p>les artistes \/ ma nourriture Se nourrir du vivant. L\u2019artiste t\u00e9moin de son \u00e9poque, r\u00e9invente le pass\u00e9, cr\u00e9e le vivant, projette le futur. Ils m\u2019ont tous inspir\u00e9, accompagn\u00e9, soulag\u00e9, interrog\u00e9. En cr\u00e9ant ce glossaire, les artistes, leur m\u00e9tier, ouvre mes yeux face \u00e0 mes propres \u00e9motions et d\u00e9fis. Pourquoi cela m\u2019\u00e9meut, me r\u00e9pulse, me fascine. &hellip; <\/p>\n<p class=\"link-more\"><a href=\"https:\/\/patch-world.fr\/index.php\/page-d-exemple\/\" class=\"more-link\">Continue reading<span class=\"screen-reader-text\"> &#8220;Introduction&#8221;<\/span><\/a><\/p>\n","protected":false},"author":1,"featured_media":0,"parent":0,"menu_order":0,"comment_status":"closed","ping_status":"open","template":"","meta":[],"_links":{"self":[{"href":"https:\/\/patch-world.fr\/index.php\/wp-json\/wp\/v2\/pages\/2"}],"collection":[{"href":"https:\/\/patch-world.fr\/index.php\/wp-json\/wp\/v2\/pages"}],"about":[{"href":"https:\/\/patch-world.fr\/index.php\/wp-json\/wp\/v2\/types\/page"}],"author":[{"embeddable":true,"href":"https:\/\/patch-world.fr\/index.php\/wp-json\/wp\/v2\/users\/1"}],"replies":[{"embeddable":true,"href":"https:\/\/patch-world.fr\/index.php\/wp-json\/wp\/v2\/comments?post=2"}],"version-history":[{"count":1,"href":"https:\/\/patch-world.fr\/index.php\/wp-json\/wp\/v2\/pages\/2\/revisions"}],"predecessor-version":[{"id":9,"href":"https:\/\/patch-world.fr\/index.php\/wp-json\/wp\/v2\/pages\/2\/revisions\/9"}],"wp:attachment":[{"href":"https:\/\/patch-world.fr\/index.php\/wp-json\/wp\/v2\/media?parent=2"}],"curies":[{"name":"wp","href":"https:\/\/api.w.org\/{rel}","templated":true}]}}